{"id":2354,"date":"2025-04-04T09:26:57","date_gmt":"2025-04-04T09:26:57","guid":{"rendered":"https:\/\/kegah-advisory.com\/?page_id=2354"},"modified":"2025-05-23T13:28:24","modified_gmt":"2025-05-23T13:28:24","slug":"nos-valeurs","status":"publish","type":"page","link":"https:\/\/kegah-advisory.com\/en\/nos-valeurs\/","title":{"rendered":"Our values"},"content":{"rendered":"<div data-elementor-type=\"wp-page\" data-elementor-id=\"2354\" class=\"elementor elementor-2354\">\n\t\t\t\t<div class=\"elementor-element elementor-element-77d9b5f e-con-full e-flex wpr-particle-no wpr-jarallax-no wpr-parallax-no wpr-sticky-section-no e-con e-parent\" data-id=\"77d9b5f\" data-element_type=\"container\" data-settings=\"{&quot;background_background&quot;:&quot;slideshow&quot;,&quot;background_slideshow_gallery&quot;:[],&quot;background_slideshow_loop&quot;:&quot;yes&quot;,&quot;background_slideshow_slide_duration&quot;:5000,&quot;background_slideshow_slide_transition&quot;:&quot;fade&quot;,&quot;background_slideshow_transition_duration&quot;:500}\">\n\t\t<div class=\"elementor-element elementor-element-2ce45fb e-con-full e-flex wpr-particle-no wpr-jarallax-no wpr-parallax-no wpr-sticky-section-no e-con e-child\" data-id=\"2ce45fb\" data-element_type=\"container\" data-settings=\"{&quot;background_background&quot;:&quot;classic&quot;}\">\n\t\t\t\t<div class=\"elementor-element elementor-element-bc3ad82 elementor-widget elementor-widget-heading\" data-id=\"bc3ad82\" data-element_type=\"widget\" data-widget_type=\"heading.default\">\n\t\t\t\t<div class=\"elementor-widget-container\">\n\t\t\t\t\t<h1 class=\"elementor-heading-title elementor-size-default\">Our values<\/h1>\t\t\t\t<\/div>\n\t\t\t\t<\/div>\n\t\t\t\t<\/div>\n\t\t\t\t<\/div>\n\t\t<div class=\"elementor-element elementor-element-9b327cf e-flex e-con-boxed wpr-particle-no wpr-jarallax-no wpr-parallax-no wpr-sticky-section-no e-con e-parent\" data-id=\"9b327cf\" data-element_type=\"container\" data-settings=\"{&quot;background_background&quot;:&quot;classic&quot;}\">\n\t\t\t\t\t<div class=\"e-con-inner\">\n\t\t<div class=\"elementor-element elementor-element-40594b1 e-flex e-con-boxed wpr-particle-no wpr-jarallax-no wpr-parallax-no wpr-sticky-section-no e-con e-child\" data-id=\"40594b1\" data-element_type=\"container\">\n\t\t\t\t\t<div class=\"e-con-inner\">\n\t\t<div class=\"elementor-element elementor-element-1d22873 e-con-full e-flex wpr-particle-no wpr-jarallax-no wpr-parallax-no wpr-sticky-section-no elementor-invisible e-con e-child\" data-id=\"1d22873\" data-element_type=\"container\" data-settings=\"{&quot;animation&quot;:&quot;fadeInLeft&quot;}\">\n\t\t\t\t<div class=\"elementor-element elementor-element-3b94501 elementor-widget elementor-widget-heading\" data-id=\"3b94501\" data-element_type=\"widget\" data-widget_type=\"heading.default\">\n\t\t\t\t<div class=\"elementor-widget-container\">\n\t\t\t\t\t<h2 class=\"elementor-heading-title elementor-size-default\">Our values\u00a0<\/h2>\t\t\t\t<\/div>\n\t\t\t\t<\/div>\n\t\t\t\t<\/div>\n\t\t<div class=\"elementor-element elementor-element-de26171 e-con-full e-flex wpr-particle-no wpr-jarallax-no wpr-parallax-no wpr-sticky-section-no e-con e-child\" data-id=\"de26171\" data-element_type=\"container\">\n\t\t<div class=\"elementor-element elementor-element-c01782b e-con-full e-flex wpr-particle-no wpr-jarallax-no wpr-parallax-no wpr-sticky-section-no e-con e-child\" data-id=\"c01782b\" data-element_type=\"container\">\n\t\t<div class=\"elementor-element elementor-element-721b91d e-con-full e-flex wpr-particle-no wpr-jarallax-no wpr-parallax-no wpr-sticky-section-no elementor-invisible e-con e-child\" data-id=\"721b91d\" data-element_type=\"container\" data-settings=\"{&quot;background_background&quot;:&quot;classic&quot;,&quot;animation&quot;:&quot;slideInDown&quot;}\">\n\t\t\t\t<div class=\"elementor-element elementor-element-07e1210 elementor-view-default elementor-position-top elementor-mobile-position-top elementor-widget elementor-widget-icon-box\" data-id=\"07e1210\" data-element_type=\"widget\" data-widget_type=\"icon-box.default\">\n\t\t\t\t<div class=\"elementor-widget-container\">\n\t\t\t\t\t\t\t<div class=\"elementor-icon-box-wrapper\">\n\n\t\t\t\t\t\t<div class=\"elementor-icon-box-icon\">\n\t\t\t\t<span  class=\"elementor-icon\">\n\t\t\t\t<svg aria-hidden=\"true\" class=\"e-font-icon-svg e-fas-balance-scale\" viewbox=\"0 0 640 512\" xmlns=\"http:\/\/www.w3.org\/2000\/svg\"><path d=\"M256 336h-.02c0-16.18 1.34-8.73-85.05-181.51-17.65-35.29-68.19-35.36-85.87 0C-2.06 328.75.02 320.33.02 336H0c0 44.18 57.31 80 128 80s128-35.82 128-80zM128 176l72 144H56l72-144zm511.98 160c0-16.18 1.34-8.73-85.05-181.51-17.65-35.29-68.19-35.36-85.87 0-87.12 174.26-85.04 165.84-85.04 181.51H384c0 44.18 57.31 80 128 80s128-35.82 128-80h-.02zM440 320l72-144 72 144H440zm88 128H352V153.25c23.51-10.29 41.16-31.48 46.39-57.25H528c8.84 0 16-7.16 16-16V48c0-8.84-7.16-16-16-16H383.64C369.04 12.68 346.09 0 320 0s-49.04 12.68-63.64 32H112c-8.84 0-16 7.16-16 16v32c0 8.84 7.16 16 16 16h129.61c5.23 25.76 22.87 46.96 46.39 57.25V448H112c-8.84 0-16 7.16-16 16v32c0 8.84 7.16 16 16 16h416c8.84 0 16-7.16 16-16v-32c0-8.84-7.16-16-16-16z\"><\/path><\/svg>\t\t\t\t<\/span>\n\t\t\t<\/div>\n\t\t\t\n\t\t\t\t\t\t<div class=\"elementor-icon-box-content\">\n\n\t\t\t\t\n\t\t\t\t\t\t\t\t\t<p class=\"elementor-icon-box-description\">\n\t\t\t\t\t\t<strong>Act with integrity and honesty :<\/strong> be consistent in your actions, decisions, and behaviors, and always do the right thing. Avoid deception, admit mistakes, and communicate openly.\t\t\t\t\t<\/p>\n\t\t\t\t\n\t\t\t<\/div>\n\t\t\t\n\t\t<\/div>\n\t\t\t\t\t\t<\/div>\n\t\t\t\t<\/div>\n\t\t\t\t<\/div>\n\t\t<div class=\"elementor-element elementor-element-3016c4d e-con-full e-flex wpr-particle-no wpr-jarallax-no wpr-parallax-no wpr-sticky-section-no elementor-invisible e-con e-child\" data-id=\"3016c4d\" data-element_type=\"container\" data-settings=\"{&quot;background_background&quot;:&quot;classic&quot;,&quot;animation&quot;:&quot;slideInUp&quot;}\">\n\t\t\t\t<div class=\"elementor-element elementor-element-959088f elementor-view-default elementor-position-top elementor-mobile-position-top elementor-widget elementor-widget-icon-box\" data-id=\"959088f\" data-element_type=\"widget\" data-widget_type=\"icon-box.default\">\n\t\t\t\t<div class=\"elementor-widget-container\">\n\t\t\t\t\t\t\t<div class=\"elementor-icon-box-wrapper\">\n\n\t\t\t\t\t\t<div class=\"elementor-icon-box-icon\">\n\t\t\t\t<span  class=\"elementor-icon\">\n\t\t\t\t<svg aria-hidden=\"true\" class=\"e-font-icon-svg e-far-handshake\" viewbox=\"0 0 640 512\" xmlns=\"http:\/\/www.w3.org\/2000\/svg\"><path d=\"M519.2 127.9l-47.6-47.6A56.252 56.252 0 0 0 432 64H205.2c-14.8 0-29.1 5.9-39.6 16.3L118 127.9H0v255.7h64c17.6 0 31.8-14.2 31.9-31.7h9.1l84.6 76.4c30.9 25.1 73.8 25.7 105.6 3.8 12.5 10.8 26 15.9 41.1 15.9 18.2 0 35.3-7.4 48.8-24 22.1 8.7 48.2 2.6 64-16.8l26.2-32.3c5.6-6.9 9.1-14.8 10.9-23h57.9c.1 17.5 14.4 31.7 31.9 31.7h64V127.9H519.2zM48 351.6c-8.8 0-16-7.2-16-16s7.2-16 16-16 16 7.2 16 16c0 8.9-7.2 16-16 16zm390-6.9l-26.1 32.2c-2.8 3.4-7.8 4-11.3 1.2l-23.9-19.4-30 36.5c-6 7.3-15 4.8-18 2.4l-36.8-31.5-15.6 19.2c-13.9 17.1-39.2 19.7-55.3 6.6l-97.3-88H96V175.8h41.9l61.7-61.6c2-.8 3.7-1.5 5.7-2.3H262l-38.7 35.5c-29.4 26.9-31.1 72.3-4.4 101.3 14.8 16.2 61.2 41.2 101.5 4.4l8.2-7.5 108.2 87.8c3.4 2.8 3.9 7.9 1.2 11.3zm106-40.8h-69.2c-2.3-2.8-4.9-5.4-7.7-7.7l-102.7-83.4 12.5-11.4c6.5-6 7-16.1 1-22.6L367 167.1c-6-6.5-16.1-6.9-22.6-1l-55.2 50.6c-9.5 8.7-25.7 9.4-34.6 0-9.3-9.9-8.5-25.1 1.2-33.9l65.6-60.1c7.4-6.8 17-10.5 27-10.5l83.7-.2c2.1 0 4.1.8 5.5 2.3l61.7 61.6H544v128zm48 47.7c-8.8 0-16-7.2-16-16s7.2-16 16-16 16 7.2 16 16c0 8.9-7.2 16-16 16z\"><\/path><\/svg>\t\t\t\t<\/span>\n\t\t\t<\/div>\n\t\t\t\n\t\t\t\t\t\t<div class=\"elementor-icon-box-content\">\n\n\t\t\t\t\n\t\t\t\t\t\t\t\t\t<p class=\"elementor-icon-box-description\">\n\t\t\t\t\t\t<strong>Trust and support each other :<\/strong> rely on and uplift each other, foster a strong and healthy connection.\n\t\t\t\t\t<\/p>\n\t\t\t\t\n\t\t\t<\/div>\n\t\t\t\n\t\t<\/div>\n\t\t\t\t\t\t<\/div>\n\t\t\t\t<\/div>\n\t\t\t\t<\/div>\n\t\t\t\t<\/div>\n\t\t<div class=\"elementor-element elementor-element-209cdb2 e-con-full e-flex wpr-particle-no wpr-jarallax-no wpr-parallax-no wpr-sticky-section-no e-con e-child\" data-id=\"209cdb2\" data-element_type=\"container\">\n\t\t<div class=\"elementor-element elementor-element-ef1fa77 e-con-full e-flex wpr-particle-no wpr-jarallax-no wpr-parallax-no wpr-sticky-section-no elementor-invisible e-con e-child\" data-id=\"ef1fa77\" data-element_type=\"container\" data-settings=\"{&quot;background_background&quot;:&quot;classic&quot;,&quot;animation&quot;:&quot;slideInDown&quot;}\">\n\t\t\t\t<div class=\"elementor-element elementor-element-87a6d93 elementor-view-default elementor-position-top elementor-mobile-position-top elementor-widget elementor-widget-icon-box\" data-id=\"87a6d93\" data-element_type=\"widget\" data-widget_type=\"icon-box.default\">\n\t\t\t\t<div class=\"elementor-widget-container\">\n\t\t\t\t\t\t\t<div class=\"elementor-icon-box-wrapper\">\n\n\t\t\t\t\t\t<div class=\"elementor-icon-box-icon\">\n\t\t\t\t<span  class=\"elementor-icon\">\n\t\t\t\t<svg aria-hidden=\"true\" class=\"e-font-icon-svg e-fas-map-signs\" viewbox=\"0 0 512 512\" xmlns=\"http:\/\/www.w3.org\/2000\/svg\"><path d=\"M507.31 84.69L464 41.37c-6-6-14.14-9.37-22.63-9.37H288V16c0-8.84-7.16-16-16-16h-32c-8.84 0-16 7.16-16 16v16H56c-13.25 0-24 10.75-24 24v80c0 13.25 10.75 24 24 24h385.37c8.49 0 16.62-3.37 22.63-9.37l43.31-43.31c6.25-6.26 6.25-16.38 0-22.63zM224 496c0 8.84 7.16 16 16 16h32c8.84 0 16-7.16 16-16V384h-64v112zm232-272H288v-32h-64v32H70.63c-8.49 0-16.62 3.37-22.63 9.37L4.69 276.69c-6.25 6.25-6.25 16.38 0 22.63L48 342.63c6 6 14.14 9.37 22.63 9.37H456c13.25 0 24-10.75 24-24v-80c0-13.25-10.75-24-24-24z\"><\/path><\/svg>\t\t\t\t<\/span>\n\t\t\t<\/div>\n\t\t\t\n\t\t\t\t\t\t<div class=\"elementor-icon-box-content\">\n\n\t\t\t\t\n\t\t\t\t\t\t\t\t\t<p class=\"elementor-icon-box-description\">\n\t\t\t\t\t\t<strong>Make a difference :<\/strong> create a positive, significant, and enduring impact or change.\t\t\t\t\t<\/p>\n\t\t\t\t\n\t\t\t<\/div>\n\t\t\t\n\t\t<\/div>\n\t\t\t\t\t\t<\/div>\n\t\t\t\t<\/div>\n\t\t\t\t<\/div>\n\t\t<div class=\"elementor-element elementor-element-899c238 e-con-full e-flex wpr-particle-no wpr-jarallax-no wpr-parallax-no wpr-sticky-section-no elementor-invisible e-con e-child\" data-id=\"899c238\" data-element_type=\"container\" data-settings=\"{&quot;background_background&quot;:&quot;classic&quot;,&quot;animation&quot;:&quot;slideInUp&quot;}\">\n\t\t\t\t<div class=\"elementor-element elementor-element-1feca0d elementor-view-default elementor-position-top elementor-mobile-position-top elementor-widget elementor-widget-icon-box\" data-id=\"1feca0d\" data-element_type=\"widget\" data-widget_type=\"icon-box.default\">\n\t\t\t\t<div class=\"elementor-widget-container\">\n\t\t\t\t\t\t\t<div class=\"elementor-icon-box-wrapper\">\n\n\t\t\t\t\t\t<div class=\"elementor-icon-box-icon\">\n\t\t\t\t<span  class=\"elementor-icon\">\n\t\t\t\t<svg aria-hidden=\"true\" class=\"e-font-icon-svg e-far-hand-rock\" viewbox=\"0 0 512 512\" xmlns=\"http:\/\/www.w3.org\/2000\/svg\"><path d=\"M408.864 79.052c-22.401-33.898-66.108-42.273-98.813-23.588-29.474-31.469-79.145-31.093-108.334-.022-47.16-27.02-108.71 5.055-110.671 60.806C44.846 105.407 0 140.001 0 187.429v56.953c0 32.741 14.28 63.954 39.18 85.634l97.71 85.081c4.252 3.702 3.11 5.573 3.11 32.903 0 17.673 14.327 32 32 32h252c17.673 0 32-14.327 32-32 0-23.513-1.015-30.745 3.982-42.37l42.835-99.656c6.094-14.177 9.183-29.172 9.183-44.568V146.963c0-52.839-54.314-88.662-103.136-67.911zM464 261.406a64.505 64.505 0 0 1-5.282 25.613l-42.835 99.655c-5.23 12.171-7.883 25.04-7.883 38.25V432H188v-10.286c0-16.37-7.14-31.977-19.59-42.817l-97.71-85.08C56.274 281.255 48 263.236 48 244.381v-56.953c0-33.208 52-33.537 52 .677v41.228a16 16 0 0 0 5.493 12.067l7 6.095A16 16 0 0 0 139 235.429V118.857c0-33.097 52-33.725 52 .677v26.751c0 8.836 7.164 16 16 16h7c8.836 0 16-7.164 16-16v-41.143c0-33.134 52-33.675 52 .677v40.466c0 8.836 7.163 16 16 16h7c8.837 0 16-7.164 16-16v-27.429c0-33.03 52-33.78 52 .677v26.751c0 8.836 7.163 16 16 16h7c8.837 0 16-7.164 16-16 0-33.146 52-33.613 52 .677v114.445z\"><\/path><\/svg>\t\t\t\t<\/span>\n\t\t\t<\/div>\n\t\t\t\n\t\t\t\t\t\t<div class=\"elementor-icon-box-content\">\n\n\t\t\t\t\n\t\t\t\t\t\t\t\t\t<p class=\"elementor-icon-box-description\">\n\t\t\t\t\t\t<strong>Courage :<\/strong> we take calculated risks, make difficult decisions, even in the face of uncertainty or opposition.\t\t\t\t\t<\/p>\n\t\t\t\t\n\t\t\t<\/div>\n\t\t\t\n\t\t<\/div>\n\t\t\t\t\t\t<\/div>\n\t\t\t\t<\/div>\n\t\t\t\t<\/div>\n\t\t\t\t<\/div>\n\t\t\t\t<\/div>\n\t\t\t\t\t<\/div>\n\t\t\t\t<\/div>\n\t\t\t\t\t<\/div>\n\t\t\t\t<\/div>\n\t\t\t\t<\/div>","protected":false},"excerpt":{"rendered":"<p>Nos valeurs Nos valeurs\u00a0 Agissez avec int\u00e9grit\u00e9 et honn\u00eatet\u00e9 : soyez coh\u00e9rent dans vos actions, d\u00e9cisions et comportements, et faites toujours ce qu&rsquo;il convient de faire. \u00c9vitez la tromperie, admettez vos erreurs et communiquez ouvertement. Faites-vous confiance et soutenez-vous mutuellement : comptez les uns sur les autres, s&rsquo;encourager les uns les autres, et favorisez une connexion forte et saine. Faire la diff\u00e9rence : cr\u00e9er un impact ou un changement positif, significatif et durable. Courage : nous prenons des risques calcul\u00e9s, des d\u00e9cisions difficiles, m\u00eame face \u00e0 l&rsquo;incertitude ou \u00e0 l&rsquo;opposition.<\/p>","protected":false},"author":1,"featured_media":0,"parent":0,"menu_order":0,"comment_status":"closed","ping_status":"closed","template":"elementor_header_footer","meta":{"footnotes":""},"class_list":["post-2354","page","type-page","status-publish","hentry"],"blocksy_meta":[],"yoast_head":"<!-- This site is optimized with the Yoast SEO plugin v25.1 - https:\/\/yoast.com\/wordpress\/plugins\/seo\/ -->\n<title>Nos valeurs - KEGAH Advisory<\/title>\n<meta name=\"description\" content=\"Int\u00e9grit\u00e9 \u2013 Chez K\u00c9G\u00c3H Advisory, nous osons faire la diff\u00e9rence avec int\u00e9grit\u00e9, courage, entraide et un engagement durable envers nos clients.\" \/>\n<meta name=\"robots\" content=\"index, follow, max-snippet:-1, max-image-preview:large, max-video-preview:-1\" \/>\n<link rel=\"canonical\" href=\"https:\/\/kegah-advisory.com\/en\/nos-valeurs\/\" \/>\n<meta property=\"og:locale\" content=\"en_US\" \/>\n<meta property=\"og:type\" content=\"article\" \/>\n<meta property=\"og:title\" content=\"Nos valeurs - KEGAH Advisory\" \/>\n<meta property=\"og:description\" content=\"Int\u00e9grit\u00e9 \u2013 Chez K\u00c9G\u00c3H Advisory, nous osons faire la diff\u00e9rence avec int\u00e9grit\u00e9, courage, entraide et un engagement durable envers nos clients.\" \/>\n<meta property=\"og:url\" content=\"https:\/\/kegah-advisory.com\/en\/nos-valeurs\/\" \/>\n<meta property=\"og:site_name\" content=\"KEGAH Advisory\" \/>\n<meta property=\"article:modified_time\" content=\"2025-05-23T13:28:24+00:00\" \/>\n<meta name=\"twitter:card\" content=\"summary_large_image\" \/>\n<meta name=\"twitter:label1\" content=\"Est. reading time\" \/>\n\t<meta name=\"twitter:data1\" content=\"1 minute\" \/>\n<script type=\"application\/ld+json\" class=\"yoast-schema-graph\">{\"@context\":\"https:\/\/schema.org\",\"@graph\":[{\"@type\":\"WebPage\",\"@id\":\"https:\/\/kegah-advisory.com\/nos-valeurs\/\",\"url\":\"https:\/\/kegah-advisory.com\/nos-valeurs\/\",\"name\":\"Nos valeurs - KEGAH Advisory\",\"isPartOf\":{\"@id\":\"https:\/\/kegah-advisory.com\/#website\"},\"datePublished\":\"2025-04-04T09:26:57+00:00\",\"dateModified\":\"2025-05-23T13:28:24+00:00\",\"description\":\"Int\u00e9grit\u00e9 \u2013 Chez K\u00c9G\u00c3H Advisory, nous osons faire la diff\u00e9rence avec int\u00e9grit\u00e9, courage, entraide et un engagement durable envers nos clients.\",\"breadcrumb\":{\"@id\":\"https:\/\/kegah-advisory.com\/nos-valeurs\/#breadcrumb\"},\"inLanguage\":\"en-US\",\"potentialAction\":[{\"@type\":\"ReadAction\",\"target\":[\"https:\/\/kegah-advisory.com\/nos-valeurs\/\"]}]},{\"@type\":\"BreadcrumbList\",\"@id\":\"https:\/\/kegah-advisory.com\/nos-valeurs\/#breadcrumb\",\"itemListElement\":[{\"@type\":\"ListItem\",\"position\":1,\"name\":\"Accueil\",\"item\":\"https:\/\/kegah-advisory.com\/\"},{\"@type\":\"ListItem\",\"position\":2,\"name\":\"Nos valeurs\"}]},{\"@type\":\"WebSite\",\"@id\":\"https:\/\/kegah-advisory.com\/#website\",\"url\":\"https:\/\/kegah-advisory.com\/\",\"name\":\"KEGAH Advisory\",\"description\":\"\",\"publisher\":{\"@id\":\"https:\/\/kegah-advisory.com\/#organization\"},\"potentialAction\":[{\"@type\":\"SearchAction\",\"target\":{\"@type\":\"EntryPoint\",\"urlTemplate\":\"https:\/\/kegah-advisory.com\/?s={search_term_string}\"},\"query-input\":{\"@type\":\"PropertyValueSpecification\",\"valueRequired\":true,\"valueName\":\"search_term_string\"}}],\"inLanguage\":\"en-US\"},{\"@type\":\"Organization\",\"@id\":\"https:\/\/kegah-advisory.com\/#organization\",\"name\":\"KEGAH Advisory\",\"url\":\"https:\/\/kegah-advisory.com\/\",\"logo\":{\"@type\":\"ImageObject\",\"inLanguage\":\"en-US\",\"@id\":\"https:\/\/kegah-advisory.com\/#\/schema\/logo\/image\/\",\"url\":\"https:\/\/kegah-advisory.com\/wp-content\/uploads\/2025\/03\/Version-3@300x.png\",\"contentUrl\":\"https:\/\/kegah-advisory.com\/wp-content\/uploads\/2025\/03\/Version-3@300x.png\",\"width\":1123,\"height\":299,\"caption\":\"KEGAH Advisory\"},\"image\":{\"@id\":\"https:\/\/kegah-advisory.com\/#\/schema\/logo\/image\/\"}}]}<\/script>\n<!-- \/ Yoast SEO plugin. -->","yoast_head_json":{"title":"Nos valeurs - KEGAH Advisory","description":"Int\u00e9grit\u00e9 \u2013 Chez K\u00c9G\u00c3H Advisory, nous osons faire la diff\u00e9rence avec int\u00e9grit\u00e9, courage, entraide et un engagement durable envers nos clients.","robots":{"index":"index","follow":"follow","max-snippet":"max-snippet:-1","max-image-preview":"max-image-preview:large","max-video-preview":"max-video-preview:-1"},"canonical":"https:\/\/kegah-advisory.com\/en\/nos-valeurs\/","og_locale":"en_US","og_type":"article","og_title":"Nos valeurs - KEGAH Advisory","og_description":"Int\u00e9grit\u00e9 \u2013 Chez K\u00c9G\u00c3H Advisory, nous osons faire la diff\u00e9rence avec int\u00e9grit\u00e9, courage, entraide et un engagement durable envers nos clients.","og_url":"https:\/\/kegah-advisory.com\/en\/nos-valeurs\/","og_site_name":"KEGAH Advisory","article_modified_time":"2025-05-23T13:28:24+00:00","twitter_card":"summary_large_image","twitter_misc":{"Est. reading time":"1 minute"},"schema":{"@context":"https:\/\/schema.org","@graph":[{"@type":"WebPage","@id":"https:\/\/kegah-advisory.com\/nos-valeurs\/","url":"https:\/\/kegah-advisory.com\/nos-valeurs\/","name":"Nos valeurs - KEGAH Advisory","isPartOf":{"@id":"https:\/\/kegah-advisory.com\/#website"},"datePublished":"2025-04-04T09:26:57+00:00","dateModified":"2025-05-23T13:28:24+00:00","description":"Int\u00e9grit\u00e9 \u2013 Chez K\u00c9G\u00c3H Advisory, nous osons faire la diff\u00e9rence avec int\u00e9grit\u00e9, courage, entraide et un engagement durable envers nos clients.","breadcrumb":{"@id":"https:\/\/kegah-advisory.com\/nos-valeurs\/#breadcrumb"},"inLanguage":"en-US","potentialAction":[{"@type":"ReadAction","target":["https:\/\/kegah-advisory.com\/nos-valeurs\/"]}]},{"@type":"BreadcrumbList","@id":"https:\/\/kegah-advisory.com\/nos-valeurs\/#breadcrumb","itemListElement":[{"@type":"ListItem","position":1,"name":"Accueil","item":"https:\/\/kegah-advisory.com\/"},{"@type":"ListItem","position":2,"name":"Nos valeurs"}]},{"@type":"WebSite","@id":"https:\/\/kegah-advisory.com\/#website","url":"https:\/\/kegah-advisory.com\/","name":"KEGAH Advisory","description":"","publisher":{"@id":"https:\/\/kegah-advisory.com\/#organization"},"potentialAction":[{"@type":"SearchAction","target":{"@type":"EntryPoint","urlTemplate":"https:\/\/kegah-advisory.com\/?s={search_term_string}"},"query-input":{"@type":"PropertyValueSpecification","valueRequired":true,"valueName":"search_term_string"}}],"inLanguage":"en-US"},{"@type":"Organization","@id":"https:\/\/kegah-advisory.com\/#organization","name":"KEGAH Advisory","url":"https:\/\/kegah-advisory.com\/","logo":{"@type":"ImageObject","inLanguage":"en-US","@id":"https:\/\/kegah-advisory.com\/#\/schema\/logo\/image\/","url":"https:\/\/kegah-advisory.com\/wp-content\/uploads\/2025\/03\/Version-3@300x.png","contentUrl":"https:\/\/kegah-advisory.com\/wp-content\/uploads\/2025\/03\/Version-3@300x.png","width":1123,"height":299,"caption":"KEGAH Advisory"},"image":{"@id":"https:\/\/kegah-advisory.com\/#\/schema\/logo\/image\/"}}]}},"_links":{"self":[{"href":"https:\/\/kegah-advisory.com\/en\/wp-json\/wp\/v2\/pages\/2354","targetHints":{"allow":["GET"]}}],"collection":[{"href":"https:\/\/kegah-advisory.com\/en\/wp-json\/wp\/v2\/pages"}],"about":[{"href":"https:\/\/kegah-advisory.com\/en\/wp-json\/wp\/v2\/types\/page"}],"author":[{"embeddable":true,"href":"https:\/\/kegah-advisory.com\/en\/wp-json\/wp\/v2\/users\/1"}],"replies":[{"embeddable":true,"href":"https:\/\/kegah-advisory.com\/en\/wp-json\/wp\/v2\/comments?post=2354"}],"version-history":[{"count":70,"href":"https:\/\/kegah-advisory.com\/en\/wp-json\/wp\/v2\/pages\/2354\/revisions"}],"predecessor-version":[{"id":3275,"href":"https:\/\/kegah-advisory.com\/en\/wp-json\/wp\/v2\/pages\/2354\/revisions\/3275"}],"wp:attachment":[{"href":"https:\/\/kegah-advisory.com\/en\/wp-json\/wp\/v2\/media?parent=2354"}],"curies":[{"name":"wp","href":"https:\/\/api.w.org\/{rel}","templated":true}]}}